{"id":6686,"date":"2024-07-01T00:03:32","date_gmt":"2024-06-30T21:03:32","guid":{"rendered":"https:\/\/www.dubovaya.studio\/?page_id=6686"},"modified":"2024-07-01T00:03:45","modified_gmt":"2024-06-30T21:03:45","slug":"policy","status":"publish","type":"page","link":"https:\/\/www.dubovaya.studio\/en\/policy\/","title":{"rendered":"Privacy Policy"},"content":{"rendered":"<div id=\"tdi_1\" class=\"tdc-zone\"><div class=\"tdc_zone tdi_2  wpb_row td-pb-row\"  >\n<style scoped>\n\/* custom css - generated by TagDiv Composer *\/\n\n\/* custom css - generated by TagDiv Composer *\/\n.tdi_2{\r\n                    min-height: 0;\r\n                }\n<\/style><div id=\"tdi_3\" class=\"tdc-row\"><div class=\"vc_row tdi_4  wpb_row td-pb-row\" >\n<style scoped>\n\/* custom css - generated by TagDiv Composer *\/\n\n\/* custom css - generated by TagDiv Composer *\/\n.tdi_4,\r\n                .tdi_4 .tdc-columns{\r\n                    min-height: 0;\r\n                }.tdi_4,\r\n\t\t\t\t.tdi_4 .tdc-columns{\r\n\t\t\t\t    display: block;\r\n\t\t\t\t}.tdi_4 .tdc-columns{\r\n\t\t\t\t    width: 100%;\r\n\t\t\t\t}.tdi_4:before,\r\n\t\t\t\t.tdi_4:after{\r\n\t\t\t\t    display: table;\r\n\t\t\t\t}\n<\/style><div class=\"vc_column tdi_6  wpb_column vc_column_container tdc-column td-pb-span12\">\n<style scoped>\n\/* custom css - generated by TagDiv Composer *\/\n\n\/* custom css - generated by TagDiv Composer *\/\n.tdi_6{\r\n                    vertical-align: baseline;\r\n                }.tdi_6 > .wpb_wrapper,\r\n\t\t\t\t.tdi_6 > .wpb_wrapper > .tdc-elements{\r\n\t\t\t\t    display: block;\r\n\t\t\t\t}.tdi_6 > .wpb_wrapper > .tdc-elements{\r\n\t\t\t\t    width: 100%;\r\n\t\t\t\t}.tdi_6 > .wpb_wrapper > .vc_row_inner{\r\n\t\t\t\t    width: auto;\r\n\t\t\t\t}.tdi_6 > .wpb_wrapper{\r\n\t\t\t\t    width: auto;\r\n\t\t\t\t    height: auto;\r\n\t\t\t\t}\n<\/style><div class=\"wpb_wrapper\" ><\/div><\/div><\/div><\/div><div id=\"tdi_7\" class=\"tdc-row stretch_row_1600 td-stretch-content\"><div class=\"vc_row tdi_8  wpb_row td-pb-row\" >\n<style scoped>\n\/* custom css - generated by TagDiv Composer *\/\n\n\/* custom css - generated by TagDiv Composer *\/\n.tdi_8,\r\n                .tdi_8 .tdc-columns{\r\n                    min-height: 0;\r\n                }.tdi_8,\r\n\t\t\t\t.tdi_8 .tdc-columns{\r\n\t\t\t\t    display: block;\r\n\t\t\t\t}.tdi_8 .tdc-columns{\r\n\t\t\t\t    width: 100%;\r\n\t\t\t\t}.tdi_8:before,\r\n\t\t\t\t.tdi_8:after{\r\n\t\t\t\t    display: table;\r\n\t\t\t\t}\n<\/style><div class=\"vc_column tdi_10  wpb_column vc_column_container tdc-column td-pb-span12\">\n<style scoped>\n\/* custom css - generated by TagDiv Composer *\/\n\n\/* custom css - generated by TagDiv Composer *\/\n.tdi_10{\r\n                    vertical-align: baseline;\r\n                }.tdi_10 > .wpb_wrapper,\r\n\t\t\t\t.tdi_10 > .wpb_wrapper > .tdc-elements{\r\n\t\t\t\t    display: block;\r\n\t\t\t\t}.tdi_10 > .wpb_wrapper > .tdc-elements{\r\n\t\t\t\t    width: 100%;\r\n\t\t\t\t}.tdi_10 > .wpb_wrapper > .vc_row_inner{\r\n\t\t\t\t    width: auto;\r\n\t\t\t\t}.tdi_10 > .wpb_wrapper{\r\n\t\t\t\t    width: auto;\r\n\t\t\t\t    height: auto;\r\n\t\t\t\t}\n<\/style><div class=\"wpb_wrapper\" ><div class=\"wpb_wrapper wpb_text_column td_block_wrap td_block_wrap vc_column_text tdi_11  tagdiv-type td-pb-border-top td_block_template_1\"  data-td-block-uid=\"tdi_11\" >\n<style>\n\/* custom css - generated by TagDiv Composer *\/\n.vc_column_text > .td-element-style{\r\n\t\t\t\t\tz-index: -1;\r\n\t\t\t\t}\n<\/style><div class=\"td-fix-index\"><p><strong>1. General provisions<\/strong><\/p>\n<p class=\"has-text-align-justify\">This Privacy Policy applies to all information that the Dubovaya Studio website, located at the domain name https:\/\/www.dubovaya.studio\/, may receive about the User while using the site, programs, and products of the site.<\/p>\n<p><strong>2. Key Concepts Used in the Policy<\/strong><\/p>\n<ul class=\"wp-block-list\">\n<li><strong>Website Administration (hereinafter \u2013 Administration)<\/strong> &#8211; authorized personnel managing the site, acting on behalf of Dubovaya Studio, who organize and (or) process personal data, and also determine the purposes of processing personal data, the composition of personal data to be processed, actions or operations performed with personal data.<\/li>\n<li><strong>Personal data<\/strong> &#8211; any information directly or indirectly related to a specific or identifiable individual (subject of personal data).<\/li>\n<li><strong>Processing of personal data<\/strong> &#8211; any action (operation) or a set of actions (operations) performed using automation tools or without using such tools with personal data, including collection, recording, systematization, accumulation, storage, clarification (update, change), retrieval, use, transmission (distribution, provision, access), anonymization, blocking, deletion, destruction of personal data.<\/li>\n<\/ul>\n<p><strong>3. Personal Data Processed by the Website Administration<\/strong><\/p>\n<ul class=\"wp-block-list\">\n<li>Surname, name;<\/li>\n<li>Email address;<\/li>\n<li>Email address;<\/li>\n<li>Year, month, date, and place of birth;<\/li>\n<li>Photos;<\/li>\n<li>The site also collects and processes anonymized data about visitors (including &#8220;cookies&#8221;) using internet statistics services (Google Analytics, Meta Pixel, and others).<\/li>\n<\/ul>\n<p><strong>4. Purpose of Processing Personal Data<\/strong><\/p>\n<p>The purpose of processing the User&#8217;s personal data is to inform the User by sending emails, messages, and phone calls; establishing feedback with the User, including sending notifications, requests regarding the use of the Site, providing services, processing requests, and applications from the User.<\/p>\n<p><strong>5. Legal Basis for Processing Personal Data<\/strong><\/p>\n<ul class=\"wp-block-list\">\n<li>The processing of the User&#8217;s personal data is carried out in accordance with the Personal Data Protection Law No. 6698 KVKK (K\u0130\u015e\u0130SEL VER\u0130LER\u0130N KORUNMASI KANUNU), dated March 24, 2016.<\/li>\n<li>When processing the User&#8217;s personal data, the Website Administration follows internal regulations.<\/li>\n<\/ul>\n<p><strong>6. Conditions of Processing Personal Data<\/strong><\/p>\n<p class=\"has-text-align-justify\">The Website Administration takes all necessary organizational and technical measures to protect the User&#8217;s personal data from unlawful or accidental access, destruction, modification, blocking, copying, distribution, and other unlawful actions by third parties.<\/p>\n<p><strong>7. Final Provisions<\/strong><\/p>\n<p class=\"has-text-align-justify\">The User can get any clarifications on issues of interest related to the processing of his personal data by contacting the Website Administration via email at info@dubovaya.studio. This document will reflect all changes to the personal data processing policy. The policy is effective indefinitely until it is replaced with a new version.<\/p>\n<p><strong>Publication date of the privacy policy:<\/strong> 06\/30\/2024.<\/p>\n<\/div><\/div><\/div><\/div><\/div><\/div><div id=\"tdi_12\" class=\"tdc-row stretch_row_1600 td-stretch-content\"><div class=\"vc_row tdi_13  wpb_row td-pb-row\" >\n<style scoped>\n\/* custom css - generated by TagDiv Composer *\/\n\n\/* custom css - generated by TagDiv Composer *\/\n.tdi_13,\r\n                .tdi_13 .tdc-columns{\r\n                    min-height: 0;\r\n                }.tdi_13,\r\n\t\t\t\t.tdi_13 .tdc-columns{\r\n\t\t\t\t    display: block;\r\n\t\t\t\t}.tdi_13 .tdc-columns{\r\n\t\t\t\t    width: 100%;\r\n\t\t\t\t}.tdi_13:before,\r\n\t\t\t\t.tdi_13:after{\r\n\t\t\t\t    display: table;\r\n\t\t\t\t}\n<\/style><div class=\"vc_column tdi_15  wpb_column vc_column_container tdc-column td-pb-span12\">\n<style scoped>\n\/* custom css - generated by TagDiv Composer *\/\n\n\/* custom css - generated by TagDiv Composer *\/\n.tdi_15{\r\n                    vertical-align: baseline;\r\n                }.tdi_15 > .wpb_wrapper,\r\n\t\t\t\t.tdi_15 > .wpb_wrapper > .tdc-elements{\r\n\t\t\t\t    display: block;\r\n\t\t\t\t}.tdi_15 > .wpb_wrapper > .tdc-elements{\r\n\t\t\t\t    width: 100%;\r\n\t\t\t\t}.tdi_15 > .wpb_wrapper > .vc_row_inner{\r\n\t\t\t\t    width: auto;\r\n\t\t\t\t}.tdi_15 > .wpb_wrapper{\r\n\t\t\t\t    width: auto;\r\n\t\t\t\t    height: auto;\r\n\t\t\t\t}\n<\/style><div class=\"wpb_wrapper\" ><div class=\"wpb_wrapper wpb_text_column td_block_wrap td_block_wrap vc_column_text tdi_16  tagdiv-type td-pb-border-top td_block_template_1\"  data-td-block-uid=\"tdi_16\" ><div class=\"td-fix-index\"><\/div><\/div><\/div><\/div><\/div><\/div><\/div><\/div>\n","protected":false},"excerpt":{"rendered":"","protected":false},"author":2,"featured_media":0,"parent":0,"menu_order":0,"comment_status":"closed","ping_status":"closed","template":"","meta":{"_editorskit_title_hidden":false,"_editorskit_reading_time":0,"_editorskit_is_block_options_detached":false,"_editorskit_block_options_position":"{}","footnotes":""},"class_list":["post-6686","page","type-page","status-publish"],"yoast_head":"<!-- This site is optimized with the Yoast SEO plugin v27.0 - https:\/\/yoast.com\/product\/yoast-seo-wordpress\/ -->\n<title>Privacy Policy - Olya Dubovaya<\/title>\n<meta name=\"robots\" content=\"index, follow, max-snippet:-1, max-image-preview:large, max-video-preview:-1\" \/>\n<link rel=\"canonical\" href=\"https:\/\/www.dubovaya.studio\/en\/policy\/\" \/>\n<meta property=\"og:locale\" content=\"en_US\" \/>\n<meta property=\"og:type\" content=\"article\" \/>\n<meta property=\"og:title\" content=\"Privacy Policy - Olya Dubovaya\" \/>\n<meta property=\"og:url\" content=\"https:\/\/www.dubovaya.studio\/en\/policy\/\" \/>\n<meta property=\"og:site_name\" content=\"Olya Dubovaya\" \/>\n<meta property=\"article:publisher\" content=\"https:\/\/www.facebook.com\/profile.php?id=100001154878058\" \/>\n<meta property=\"article:modified_time\" content=\"2024-06-30T21:03:45+00:00\" \/>\n<meta name=\"twitter:card\" content=\"summary_large_image\" \/>\n<script type=\"application\/ld+json\" class=\"yoast-schema-graph\">{\"@context\":\"https:\/\/schema.org\",\"@graph\":[{\"@type\":\"WebPage\",\"@id\":\"https:\/\/www.dubovaya.studio\/en\/policy\/\",\"url\":\"https:\/\/www.dubovaya.studio\/en\/policy\/\",\"name\":\"Privacy Policy - Olya Dubovaya\",\"isPartOf\":{\"@id\":\"https:\/\/www.dubovaya.studio\/en\/#website\"},\"datePublished\":\"2024-06-30T21:03:32+00:00\",\"dateModified\":\"2024-06-30T21:03:45+00:00\",\"breadcrumb\":{\"@id\":\"https:\/\/www.dubovaya.studio\/en\/policy\/#breadcrumb\"},\"inLanguage\":\"en-US\",\"potentialAction\":[{\"@type\":\"ReadAction\",\"target\":[\"https:\/\/www.dubovaya.studio\/en\/policy\/\"]}]},{\"@type\":\"BreadcrumbList\",\"@id\":\"https:\/\/www.dubovaya.studio\/en\/policy\/#breadcrumb\",\"itemListElement\":[{\"@type\":\"ListItem\",\"position\":1,\"name\":\"\u0413\u043b\u0430\u0432\u043d\u0430\u044f \u0441\u0442\u0440\u0430\u043d\u0438\u0446\u0430\",\"item\":\"https:\/\/www.dubovaya.studio\/en\/\"},{\"@type\":\"ListItem\",\"position\":2,\"name\":\"Privacy Policy\"}]},{\"@type\":\"WebSite\",\"@id\":\"https:\/\/www.dubovaya.studio\/en\/#website\",\"url\":\"https:\/\/www.dubovaya.studio\/en\/\",\"name\":\"Olya Dubovaya\",\"description\":\"\u0424\u043e\u0442\u043e\u0433\u0440\u0430\u0444 \u0432 \u0422\u0443\u0440\u0446\u0438\u0438: \u0410\u043d\u0442\u0430\u043b\u0438\u044f, \u0411\u0435\u043b\u0435\u043a, \u041a\u0435\u043c\u0435\u0440, \u0421\u0438\u0434\u0435, \u0410\u043b\u0430\u043d\u044c\u044f \u0438 \u0434\u0440.\",\"publisher\":{\"@id\":\"https:\/\/www.dubovaya.studio\/en\/#\/schema\/person\/7aa09cb72f08adfbaa8d6e9774d1e437\"},\"potentialAction\":[{\"@type\":\"SearchAction\",\"target\":{\"@type\":\"EntryPoint\",\"urlTemplate\":\"https:\/\/www.dubovaya.studio\/en\/?s={search_term_string}\"},\"query-input\":{\"@type\":\"PropertyValueSpecification\",\"valueRequired\":true,\"valueName\":\"search_term_string\"}}],\"inLanguage\":\"en-US\"},{\"@type\":[\"Person\",\"Organization\"],\"@id\":\"https:\/\/www.dubovaya.studio\/en\/#\/schema\/person\/7aa09cb72f08adfbaa8d6e9774d1e437\",\"name\":\"Olya\",\"image\":{\"@type\":\"ImageObject\",\"inLanguage\":\"en-US\",\"@id\":\"https:\/\/www.dubovaya.studio\/en\/#\/schema\/person\/image\/\",\"url\":\"https:\/\/e5pgkx5uhfr.exactdn.com\/wp-content\/uploads\/2022\/05\/5f7041b07854810022ba08d9_optimized_1319.jpg?strip=all&lossy=1&ssl=1\",\"contentUrl\":\"https:\/\/e5pgkx5uhfr.exactdn.com\/wp-content\/uploads\/2022\/05\/5f7041b07854810022ba08d9_optimized_1319.jpg?strip=all&lossy=1&ssl=1\",\"width\":1319,\"height\":985,\"caption\":\"Olya\"},\"logo\":{\"@id\":\"https:\/\/www.dubovaya.studio\/en\/#\/schema\/person\/image\/\"},\"sameAs\":[\"https:\/\/dubovaya.studio\",\"https:\/\/www.facebook.com\/profile.php?id=100001154878058\",\"https:\/\/www.instagram.com\/kaira_studio\/\"]}]}<\/script>\n<!-- \/ Yoast SEO plugin. -->","yoast_head_json":{"title":"Privacy Policy - Olya Dubovaya","robots":{"index":"index","follow":"follow","max-snippet":"max-snippet:-1","max-image-preview":"max-image-preview:large","max-video-preview":"max-video-preview:-1"},"canonical":"https:\/\/www.dubovaya.studio\/en\/policy\/","og_locale":"en_US","og_type":"article","og_title":"Privacy Policy - Olya Dubovaya","og_url":"https:\/\/www.dubovaya.studio\/en\/policy\/","og_site_name":"Olya Dubovaya","article_publisher":"https:\/\/www.facebook.com\/profile.php?id=100001154878058","article_modified_time":"2024-06-30T21:03:45+00:00","twitter_card":"summary_large_image","schema":{"@context":"https:\/\/schema.org","@graph":[{"@type":"WebPage","@id":"https:\/\/www.dubovaya.studio\/en\/policy\/","url":"https:\/\/www.dubovaya.studio\/en\/policy\/","name":"Privacy Policy - Olya Dubovaya","isPartOf":{"@id":"https:\/\/www.dubovaya.studio\/en\/#website"},"datePublished":"2024-06-30T21:03:32+00:00","dateModified":"2024-06-30T21:03:45+00:00","breadcrumb":{"@id":"https:\/\/www.dubovaya.studio\/en\/policy\/#breadcrumb"},"inLanguage":"en-US","potentialAction":[{"@type":"ReadAction","target":["https:\/\/www.dubovaya.studio\/en\/policy\/"]}]},{"@type":"BreadcrumbList","@id":"https:\/\/www.dubovaya.studio\/en\/policy\/#breadcrumb","itemListElement":[{"@type":"ListItem","position":1,"name":"\u0413\u043b\u0430\u0432\u043d\u0430\u044f \u0441\u0442\u0440\u0430\u043d\u0438\u0446\u0430","item":"https:\/\/www.dubovaya.studio\/en\/"},{"@type":"ListItem","position":2,"name":"Privacy Policy"}]},{"@type":"WebSite","@id":"https:\/\/www.dubovaya.studio\/en\/#website","url":"https:\/\/www.dubovaya.studio\/en\/","name":"Olya Dubovaya","description":"\u0424\u043e\u0442\u043e\u0433\u0440\u0430\u0444 \u0432 \u0422\u0443\u0440\u0446\u0438\u0438: \u0410\u043d\u0442\u0430\u043b\u0438\u044f, \u0411\u0435\u043b\u0435\u043a, \u041a\u0435\u043c\u0435\u0440, \u0421\u0438\u0434\u0435, \u0410\u043b\u0430\u043d\u044c\u044f \u0438 \u0434\u0440.","publisher":{"@id":"https:\/\/www.dubovaya.studio\/en\/#\/schema\/person\/7aa09cb72f08adfbaa8d6e9774d1e437"},"potentialAction":[{"@type":"SearchAction","target":{"@type":"EntryPoint","urlTemplate":"https:\/\/www.dubovaya.studio\/en\/?s={search_term_string}"},"query-input":{"@type":"PropertyValueSpecification","valueRequired":true,"valueName":"search_term_string"}}],"inLanguage":"en-US"},{"@type":["Person","Organization"],"@id":"https:\/\/www.dubovaya.studio\/en\/#\/schema\/person\/7aa09cb72f08adfbaa8d6e9774d1e437","name":"Olya","image":{"@type":"ImageObject","inLanguage":"en-US","@id":"https:\/\/www.dubovaya.studio\/en\/#\/schema\/person\/image\/","url":"https:\/\/e5pgkx5uhfr.exactdn.com\/wp-content\/uploads\/2022\/05\/5f7041b07854810022ba08d9_optimized_1319.jpg?strip=all&lossy=1&ssl=1","contentUrl":"https:\/\/e5pgkx5uhfr.exactdn.com\/wp-content\/uploads\/2022\/05\/5f7041b07854810022ba08d9_optimized_1319.jpg?strip=all&lossy=1&ssl=1","width":1319,"height":985,"caption":"Olya"},"logo":{"@id":"https:\/\/www.dubovaya.studio\/en\/#\/schema\/person\/image\/"},"sameAs":["https:\/\/dubovaya.studio","https:\/\/www.facebook.com\/profile.php?id=100001154878058","https:\/\/www.instagram.com\/kaira_studio\/"]}]}},"_links":{"self":[{"href":"https:\/\/www.dubovaya.studio\/en\/wp-json\/wp\/v2\/pages\/6686","targetHints":{"allow":["GET"]}}],"collection":[{"href":"https:\/\/www.dubovaya.studio\/en\/wp-json\/wp\/v2\/pages"}],"about":[{"href":"https:\/\/www.dubovaya.studio\/en\/wp-json\/wp\/v2\/types\/page"}],"author":[{"embeddable":true,"href":"https:\/\/www.dubovaya.studio\/en\/wp-json\/wp\/v2\/users\/2"}],"replies":[{"embeddable":true,"href":"https:\/\/www.dubovaya.studio\/en\/wp-json\/wp\/v2\/comments?post=6686"}],"version-history":[{"count":1,"href":"https:\/\/www.dubovaya.studio\/en\/wp-json\/wp\/v2\/pages\/6686\/revisions"}],"predecessor-version":[{"id":6687,"href":"https:\/\/www.dubovaya.studio\/en\/wp-json\/wp\/v2\/pages\/6686\/revisions\/6687"}],"wp:attachment":[{"href":"https:\/\/www.dubovaya.studio\/en\/wp-json\/wp\/v2\/media?parent=6686"}],"curies":[{"name":"wp","href":"https:\/\/api.w.org\/{rel}","templated":true}]}}